{"id":368,"date":"2024-07-04T00:01:52","date_gmt":"2024-07-04T03:01:52","guid":{"rendered":"https:\/\/joinlatam.com\/web\/?page_id=368"},"modified":"2024-09-10T17:44:46","modified_gmt":"2024-09-10T20:44:46","slug":"work","status":"publish","type":"page","link":"https:\/\/joinlatam.com\/web\/work\/","title":{"rendered":"Work"},"content":{"rendered":"<p>[et_pb_section fb_built=\u00bb1&#8243; custom_padding_last_edited=\u00bbon|desktop\u00bb next_background_color=\u00bb#ffffff\u00bb admin_label=\u00bbHeader\u00bb _builder_version=\u00bb4.25.1&#8243; background_image=\u00bbhttps:\/\/joinlatam.com\/web\/wp-content\/uploads\/2024\/07\/background-js-100.jpg\u00bb parallax=\u00bbon\u00bb custom_padding=\u00bb0vw||14vw||false|false\u00bb custom_padding_tablet=\u00bb100px||100px||true\u00bb custom_padding_phone=\u00bb||||true\u00bb bottom_divider_style=\u00bbramp2&#8243; bottom_divider_height=\u00bb250px\u00bb bottom_divider_flip=\u00bbhorizontal\u00bb bottom_divider_height_tablet=\u00bb150px\u00bb bottom_divider_height_phone=\u00bb110px\u00bb bottom_divider_height_last_edited=\u00bbon|phone\u00bb saved_tabs=\u00bball\u00bb global_colors_info=\u00bb{}\u00bb][et_pb_row _builder_version=\u00bb4.16&#8243; custom_padding=\u00bb76px|||||\u00bb global_colors_info=\u00bb{}\u00bb][et_pb_column type=\u00bb4_4&#8243; _builder_version=\u00bb4.16&#8243; custom_padding=\u00bb|||\u00bb global_colors_info=\u00bb{}\u00bb custom_padding__hover=\u00bb|||\u00bb][et_pb_text _builder_version=\u00bb4.25.1&#8243; text_font=\u00bbRoboto||||||||\u00bb text_font_size=\u00bb16px\u00bb text_line_height=\u00bb1.8em\u00bb header_font=\u00bb&#8211;et_global_heading_font|700|||||||\u00bb header_text_align=\u00bbcenter\u00bb header_font_size=\u00bb60px\u00bb header_line_height=\u00bb1.2em\u00bb header_3_font=\u00bbRoboto|700||on|||||\u00bb header_3_text_align=\u00bbcenter\u00bb header_3_text_color=\u00bb#ffffff\u00bb header_3_font_size=\u00bb24px\u00bb header_3_letter_spacing=\u00bb10px\u00bb header_3_line_height=\u00bb2em\u00bb text_orientation=\u00bbcenter\u00bb background_layout=\u00bbdark\u00bb module_alignment=\u00bbcenter\u00bb text_font_size_last_edited=\u00bboff|desktop\u00bb header_font_size_tablet=\u00bb40px\u00bb header_font_size_phone=\u00bb32px\u00bb header_font_size_last_edited=\u00bbon|phone\u00bb header_3_font_size_tablet=\u00bb16px\u00bb header_3_font_size_phone=\u00bb14px\u00bb header_3_font_size_last_edited=\u00bbon|phone\u00bb header_3_letter_spacing_tablet=\u00bb5px\u00bb header_3_letter_spacing_phone=\u00bb\u00bb header_3_letter_spacing_last_edited=\u00bbon|tablet\u00bb global_colors_info=\u00bb{}\u00bb]<\/p>\n<h3>Portfolio de<\/h3>\n<h1>Nuestros trabajos<\/h1>\n<p>[\/et_pb_text][\/et_pb_column][\/et_pb_row][\/et_pb_section][et_pb_section fb_built=\u00bb1&#8243; _builder_version=\u00bb4.25.1&#8243; _module_preset=\u00bbdefault\u00bb custom_padding=\u00bb16px||16px|||\u00bb global_colors_info=\u00bb{}\u00bb][et_pb_row _builder_version=\u00bb4.25.1&#8243; _module_preset=\u00bbdefault\u00bb custom_padding=\u00bb19px||9px|||\u00bb global_colors_info=\u00bb{}\u00bb][et_pb_column type=\u00bb4_4&#8243; _builder_version=\u00bb4.25.1&#8243; _module_preset=\u00bbdefault\u00bb global_colors_info=\u00bb{}\u00bb][et_pb_text _builder_version=\u00bb4.25.1&#8243; _module_preset=\u00bbdefault\u00bb text_text_color=\u00bb#000000&#8243; text_font_size=\u00bb24px\u00bb text_orientation=\u00bbcenter\u00bb global_colors_info=\u00bb{}\u00bb]<\/p>\n<p>Industrias en las que nos especializamos<\/p>\n<p>[\/et_pb_text][\/et_pb_column][\/et_pb_row][\/et_pb_section][et_pb_section fb_built=\u00bb1&#8243; _builder_version=\u00bb4.25.1&#8243; _module_preset=\u00bbdefault\u00bb custom_margin=\u00bb-4px|||||\u00bb custom_padding=\u00bb18px||19px|||\u00bb global_colors_info=\u00bb{}\u00bb][et_pb_row column_structure=\u00bb1_6,1_6,1_6,1_6,1_6,1_6&#8243; _builder_version=\u00bb4.25.1&#8243; _module_preset=\u00bbdefault\u00bb custom_padding=\u00bb22px||13px|||\u00bb global_colors_info=\u00bb{}\u00bb][et_pb_column type=\u00bb1_6&#8243; _builder_version=\u00bb4.25.1&#8243; _module_preset=\u00bbdefault\u00bb global_colors_info=\u00bb{}\u00bb][et_pb_blurb title=\u00bbFinanzas\u00bb image=\u00bbhttps:\/\/joinlatam.com\/web\/wp-content\/uploads\/2024\/07\/ind-finanzas.png\u00bb _builder_version=\u00bb4.25.1&#8243; _module_preset=\u00bbdefault\u00bb header_font_size=\u00bb16px\u00bb text_orientation=\u00bbcenter\u00bb width=\u00bb70%\u00bb global_colors_info=\u00bb{}\u00bb][\/et_pb_blurb][\/et_pb_column][et_pb_column type=\u00bb1_6&#8243; _builder_version=\u00bb4.25.1&#8243; _module_preset=\u00bbdefault\u00bb global_colors_info=\u00bb{}\u00bb][et_pb_blurb title=\u00bbSalud\u00bb image=\u00bbhttps:\/\/joinlatam.com\/web\/wp-content\/uploads\/2024\/07\/ind-salud.png\u00bb _builder_version=\u00bb4.25.1&#8243; _module_preset=\u00bbdefault\u00bb header_font_size=\u00bb16px\u00bb text_orientation=\u00bbcenter\u00bb width=\u00bb70%\u00bb global_colors_info=\u00bb{}\u00bb][\/et_pb_blurb][\/et_pb_column][et_pb_column type=\u00bb1_6&#8243; _builder_version=\u00bb4.25.1&#8243; _module_preset=\u00bbdefault\u00bb global_colors_info=\u00bb{}\u00bb][et_pb_blurb title=\u00bbIndustria &#038; Autopartes\u00bb image=\u00bbhttps:\/\/joinlatam.com\/web\/wp-content\/uploads\/2024\/07\/ind-autopartes.png\u00bb _builder_version=\u00bb4.27.0&#8243; _module_preset=\u00bbdefault\u00bb header_font_size=\u00bb16px\u00bb text_orientation=\u00bbcenter\u00bb width=\u00bb70%\u00bb global_colors_info=\u00bb{}\u00bb][\/et_pb_blurb][\/et_pb_column][et_pb_column type=\u00bb1_6&#8243; _builder_version=\u00bb4.25.1&#8243; _module_preset=\u00bbdefault\u00bb global_colors_info=\u00bb{}\u00bb][et_pb_blurb title=\u00bbUtilities &#038; Servicios\u00bb image=\u00bbhttps:\/\/joinlatam.com\/web\/wp-content\/uploads\/2024\/07\/ind-servicios.png\u00bb _builder_version=\u00bb4.27.0&#8243; _module_preset=\u00bbdefault\u00bb header_font_size=\u00bb16px\u00bb text_orientation=\u00bbcenter\u00bb width=\u00bb70%\u00bb global_colors_info=\u00bb{}\u00bb][\/et_pb_blurb][\/et_pb_column][et_pb_column type=\u00bb1_6&#8243; _builder_version=\u00bb4.25.1&#8243; _module_preset=\u00bbdefault\u00bb global_colors_info=\u00bb{}\u00bb][et_pb_blurb title=\u00bbEducaci\u00f3n\u00bb image=\u00bbhttps:\/\/joinlatam.com\/web\/wp-content\/uploads\/2024\/07\/ind-educacion.png\u00bb _builder_version=\u00bb4.25.1&#8243; _module_preset=\u00bbdefault\u00bb header_font_size=\u00bb16px\u00bb text_orientation=\u00bbcenter\u00bb width=\u00bb70%\u00bb global_colors_info=\u00bb{}\u00bb][\/et_pb_blurb][\/et_pb_column][et_pb_column type=\u00bb1_6&#8243; _builder_version=\u00bb4.25.1&#8243; _module_preset=\u00bbdefault\u00bb global_colors_info=\u00bb{}\u00bb][et_pb_blurb title=\u00bbRecursos Humanos\u00bb image=\u00bbhttps:\/\/joinlatam.com\/web\/wp-content\/uploads\/2024\/07\/ind-rrhh.png\u00bb _builder_version=\u00bb4.25.1&#8243; _module_preset=\u00bbdefault\u00bb header_font_size=\u00bb16px\u00bb text_orientation=\u00bbcenter\u00bb width=\u00bb70%\u00bb global_colors_info=\u00bb{}\u00bb][\/et_pb_blurb][\/et_pb_column][\/et_pb_row][\/et_pb_section][et_pb_section fb_built=\u00bb1&#8243; admin_label=\u00bbProjects\u00bb _builder_version=\u00bb4.16&#8243; custom_margin=\u00bb|||\u00bb custom_padding=\u00bb24px||24px||true|false\u00bb global_colors_info=\u00bb{}\u00bb][et_pb_row column_structure=\u00bb1_2,1_2&#8243; _builder_version=\u00bb4.16&#8243; custom_margin=\u00bb|||\u00bb custom_margin_tablet=\u00bb|||\u00bb custom_margin_phone=\u00bb|||\u00bb custom_margin_last_edited=\u00bboff|desktop\u00bb global_colors_info=\u00bb{}\u00bb][et_pb_column type=\u00bb1_2&#8243; _builder_version=\u00bb4.16&#8243; custom_padding=\u00bb|||\u00bb global_colors_info=\u00bb{}\u00bb custom_padding__hover=\u00bb|||\u00bb][et_pb_blurb title=\u00bbManpowerGroup\u00bb image=\u00bbhttps:\/\/joinlatam.com\/web\/wp-content\/uploads\/2024\/07\/work01.png\u00bb _builder_version=\u00bb4.25.1&#8243; header_font=\u00bbRoboto|700|||||||\u00bb header_font_size=\u00bb18px\u00bb header_line_height=\u00bb1.7em\u00bb body_font=\u00bb||||||||\u00bb body_font_size=\u00bb16px\u00bb body_line_height=\u00bb2em\u00bb animation_style=\u00bbzoom\u00bb animation_intensity_zoom=\u00bb10%\u00bb animation=\u00bboff\u00bb border_radii=\u00bbon|10px|10px|10px|10px\u00bb border_radii_image=\u00bbon|10px|10px|10px|10px\u00bb box_shadow_style_image=\u00bbpreset1&#8243; box_shadow_blur_image=\u00bb70px\u00bb box_shadow_color_image=\u00bbrgba(110,130,208,0.18)\u00bb global_colors_info=\u00bb{}\u00bb]<\/p>\n<h5>Industria: Recursos Humanos<\/h5>\n<p>Desarrollo de aplicaciones para Empleados, RRHH y Marketing. Las funcionalidades que incluyen: App Empleados, manejo de Talentos para el \u00e1rea de selecci\u00f3n, personalizaciones para el Portal de Empleados, gesti\u00f3n de certificados m\u00e9dicos y de trabajo, consulta de recibo de sueldo, asistencia al empleado, visualizaci\u00f3n de contenidos multimedia (audio y video) de entrenamiento para el desarrollo profesional del empleado, noticias, manejo de big-data, notificaciones push, integraciones con CRM interno entre otros.<\/p>\n<p>[\/et_pb_blurb][\/et_pb_column][et_pb_column type=\u00bb1_2&#8243; _builder_version=\u00bb4.16&#8243; custom_padding=\u00bb|||\u00bb global_colors_info=\u00bb{}\u00bb custom_padding__hover=\u00bb|||\u00bb][et_pb_blurb title=\u00bbOSPRERA\u00bb image=\u00bbhttps:\/\/joinlatam.com\/web\/wp-content\/uploads\/2024\/07\/work02.png\u00bb _builder_version=\u00bb4.25.1&#8243; header_font=\u00bbRoboto|700|||||||\u00bb header_font_size=\u00bb18px\u00bb header_line_height=\u00bb1.7em\u00bb body_font=\u00bb||||||||\u00bb body_font_size=\u00bb16px\u00bb body_line_height=\u00bb2em\u00bb animation_style=\u00bbzoom\u00bb animation_intensity_zoom=\u00bb10%\u00bb animation=\u00bboff\u00bb border_radii=\u00bbon|10px|10px|10px|10px\u00bb border_radii_image=\u00bbon|10px|10px|10px|10px\u00bb box_shadow_style_image=\u00bbpreset1&#8243; box_shadow_blur_image=\u00bb70px\u00bb box_shadow_color_image=\u00bbrgba(110,130,208,0.18)\u00bb global_colors_info=\u00bb{}\u00bb]<\/p>\n<h5>Industria: Salud<\/h5>\n<p>Desarrollo de aplicaciones para el \u00e1rea Prestacional de la Obra Social. Aplicaciones de Padr\u00f3n de Afiliados y Padr\u00f3n de Empresas, Consulta Afiliatoria, Empadronamiento COVID, Mejora del m\u00f3dulo integral de Seguridad (acceso, autorizaci\u00f3n y autenticaci\u00f3n), Ficha Prestacional, Boletas de Pago, Imputaciones de Pagos, Cuenta Corriente, Noticias, Encuestas, etc. Soporte de software correctivo y evolutivo del portafolio de aplicaciones. Capacitaci\u00f3n e implementaci\u00f3n de metodolog\u00edas Agile, Scrum y Jira.<\/p>\n<p>[\/et_pb_blurb][\/et_pb_column][\/et_pb_row][et_pb_row column_structure=\u00bb1_2,1_2&#8243; _builder_version=\u00bb4.16&#8243; custom_margin=\u00bb|||\u00bb custom_margin_tablet=\u00bb|||\u00bb custom_margin_phone=\u00bb|||\u00bb custom_margin_last_edited=\u00bboff|desktop\u00bb global_colors_info=\u00bb{}\u00bb][et_pb_column type=\u00bb1_2&#8243; _builder_version=\u00bb4.16&#8243; custom_padding=\u00bb|||\u00bb global_colors_info=\u00bb{}\u00bb custom_padding__hover=\u00bb|||\u00bb][et_pb_blurb title=\u00bbFresenius Kabi\u00bb image=\u00bbhttps:\/\/joinlatam.com\/web\/wp-content\/uploads\/2024\/07\/work03.png\u00bb _builder_version=\u00bb4.25.1&#8243; header_font=\u00bbRoboto|700|||||||\u00bb header_font_size=\u00bb18px\u00bb header_line_height=\u00bb1.7em\u00bb body_font=\u00bb||||||||\u00bb body_font_size=\u00bb16px\u00bb body_line_height=\u00bb2em\u00bb border_radii=\u00bbon|10px|10px|10px|10px\u00bb border_radii_image=\u00bbon|10px|10px|10px|10px\u00bb box_shadow_style_image=\u00bbpreset1&#8243; box_shadow_blur_image=\u00bb70px\u00bb box_shadow_color_image=\u00bbrgba(110,130,208,0.18)\u00bb global_colors_info=\u00bb{}\u00bb]<\/p>\n<h5>Industria: Salud<\/h5>\n<p>Desarrollo y soporte de Plataforma de Tele-asistencia M\u00e9dica. Incluye el Software para el manejo de profesionales de la salud, tele-asistentes, coordinadores, App M\u00f3vil de m\u00e9dicos a domicilio, historia cl\u00ednica del paciente, App M\u00f3vil de Autogesti\u00f3n Pacientes, atenciones en l\u00ednea, chat, video-llamada, reportes y estad\u00edsticas, facturaci\u00f3n, notificaciones, App M\u00f3vil de colocaci\u00f3n de Sondas, enfermeros y stock, integraci\u00f3n con ERP y CRM propio entre otros. Discovery de procesos y an\u00e1lisis funcional. DevOps y Project Management, mantenimiento correctivo y evolutivo del Software.<\/p>\n<p>[\/et_pb_blurb][\/et_pb_column][et_pb_column type=\u00bb1_2&#8243; _builder_version=\u00bb4.16&#8243; custom_padding=\u00bb|||\u00bb global_colors_info=\u00bb{}\u00bb custom_padding__hover=\u00bb|||\u00bb][et_pb_blurb title=\u00bbLa Casa del Renault\u00bb image=\u00bbhttps:\/\/joinlatam.com\/web\/wp-content\/uploads\/2024\/07\/work04.png\u00bb _builder_version=\u00bb4.25.1&#8243; header_font=\u00bbRoboto|700|||||||\u00bb header_font_size=\u00bb18px\u00bb header_line_height=\u00bb1.7em\u00bb body_font=\u00bb||||||||\u00bb body_font_size=\u00bb16px\u00bb body_line_height=\u00bb2em\u00bb animation_style=\u00bbzoom\u00bb animation_intensity_zoom=\u00bb10%\u00bb animation=\u00bboff\u00bb border_radii=\u00bbon|10px|10px|10px|10px\u00bb border_radii_image=\u00bbon|10px|10px|10px|10px\u00bb box_shadow_style_image=\u00bbpreset1&#8243; box_shadow_blur_image=\u00bb70px\u00bb box_shadow_color_image=\u00bbrgba(110,130,208,0.18)\u00bb global_colors_info=\u00bb{}\u00bb]<\/p>\n<h5>Industria: Autopartes<\/h5>\n<p>Desarrollo, mantenimiento y soporte de aplicaciones para proyectos de transformaci\u00f3n y nuevas aplicaciones para diferentes \u00e1reas de la empresa de autopartes. Relevamiento funcional, consultor\u00eda y gesti\u00f3n de proyectos. Creaci\u00f3n de Software de Integraci\u00f3n y Robots, Aplicaciones de Cotizador, E-commerce de Autopartes y Marcas. Testing funcional, integral y de stress (carga). Implementaci\u00f3n de aplicaciones en la nube, escritorio y onpremise. Integraci\u00f3n de datos para diferentes tipos de bases de datos. Multi-plataforma. PMO (project management office) Monitoreo y asistencia de aplicaciones productivas.<\/p>\n<p>[\/et_pb_blurb][\/et_pb_column][\/et_pb_row][et_pb_row _builder_version=\u00bb4.27.0&#8243; _module_preset=\u00bbdefault\u00bb][et_pb_column _builder_version=\u00bb4.27.0&#8243; _module_preset=\u00bbdefault\u00bb type=\u00bb4_4&#8243;][et_pb_video src=\u00bbhttps:\/\/youtu.be\/8EAim6mdDoI\u00bb _builder_version=\u00bb4.27.0&#8243; _module_preset=\u00bbdefault\u00bb hover_enabled=\u00bb0&#8243; sticky_enabled=\u00bb0&#8243;][\/et_pb_video][\/et_pb_column][\/et_pb_row][et_pb_row column_structure=\u00bb1_4,1_4,1_4,1_4&#8243; _builder_version=\u00bb4.25.1&#8243; _module_preset=\u00bbdefault\u00bb custom_padding=\u00bb22px||13px|||\u00bb global_colors_info=\u00bb{}\u00bb][et_pb_column type=\u00bb1_4&#8243; _builder_version=\u00bb4.25.1&#8243; _module_preset=\u00bbdefault\u00bb global_colors_info=\u00bb{}\u00bb][et_pb_blurb title=\u00bbFundaci\u00f3n Barcel\u00f3\u00bb image=\u00bbhttps:\/\/joinlatam.com\/web\/wp-content\/uploads\/2024\/07\/client-barcelo.jpg\u00bb _builder_version=\u00bb4.27.0&#8243; _module_preset=\u00bbdefault\u00bb header_font_size=\u00bb16px\u00bb body_font_size=\u00bb15px\u00bb text_orientation=\u00bbcenter\u00bb box_shadow_style_image=\u00bbpreset3&#8243; global_colors_info=\u00bb{}\u00bb]<\/p>\n<p><strong>Admisi\u00f3n de Alumnos<\/strong><br \/>Material Design &#8211; Oracle E-Business Suite<\/p>\n<p>[\/et_pb_blurb][\/et_pb_column][et_pb_column type=\u00bb1_4&#8243; _builder_version=\u00bb4.25.1&#8243; _module_preset=\u00bbdefault\u00bb global_colors_info=\u00bb{}\u00bb][et_pb_blurb title=\u00bbIndec\u00bb image=\u00bbhttps:\/\/joinlatam.com\/web\/wp-content\/uploads\/2024\/07\/client-indec.jpg\u00bb _builder_version=\u00bb4.27.0&#8243; _module_preset=\u00bbdefault\u00bb header_font_size=\u00bb16px\u00bb body_font_size=\u00bb15px\u00bb text_orientation=\u00bbcenter\u00bb border_style_all_image=\u00bbnone\u00bb box_shadow_style_image=\u00bbpreset3&#8243; global_colors_info=\u00bb{}\u00bb]<\/p>\n<p><strong>Compras y Presupuesto<\/strong><br \/>Workflow Automation &#8211; Compr.ar<\/p>\n<p>[\/et_pb_blurb][\/et_pb_column][et_pb_column type=\u00bb1_4&#8243; _builder_version=\u00bb4.25.1&#8243; _module_preset=\u00bbdefault\u00bb global_colors_info=\u00bb{}\u00bb][et_pb_blurb title=\u00bbCosugas\u00bb image=\u00bbhttps:\/\/joinlatam.com\/web\/wp-content\/uploads\/2024\/07\/client-cosugas.jpg\u00bb _builder_version=\u00bb4.27.0&#8243; _module_preset=\u00bbdefault\u00bb header_font_size=\u00bb16px\u00bb body_font_size=\u00bb15px\u00bb text_orientation=\u00bbcenter\u00bb box_shadow_style_image=\u00bbpreset3&#8243; global_colors_info=\u00bb{}\u00bb]<\/p>\n<p><strong>Field Services<\/strong><br \/>Web Mobile &#8211; Oracle Field Service<\/p>\n<p>[\/et_pb_blurb][\/et_pb_column][et_pb_column type=\u00bb1_4&#8243; _builder_version=\u00bb4.25.1&#8243; _module_preset=\u00bbdefault\u00bb global_colors_info=\u00bb{}\u00bb][et_pb_blurb title=\u00bbMoreno Alimentos\u00bb image=\u00bbhttps:\/\/joinlatam.com\/web\/wp-content\/uploads\/2024\/07\/client-moreno.jpg\u00bb _builder_version=\u00bb4.27.0&#8243; _module_preset=\u00bbdefault\u00bb header_font_size=\u00bb16px\u00bb body_font_size=\u00bb15px\u00bb text_orientation=\u00bbcenter\u00bb box_shadow_style_image=\u00bbpreset3&#8243; global_colors_info=\u00bb{}\u00bb]<\/p>\n<p><strong>Fuerza de Ventas<\/strong><br \/>Web Mobile &#8211; Legacy<\/p>\n<p>[\/et_pb_blurb][\/et_pb_column][\/et_pb_row][\/et_pb_section][et_pb_section fb_built=\u00bb1&#8243; custom_padding_last_edited=\u00bbon|desktop\u00bb prev_background_color=\u00bb#ffffff\u00bb admin_label=\u00bbCall to action\u00bb _builder_version=\u00bb4.25.0&#8243; background_color=\u00bb#0a0a0a\u00bb background_enable_image=\u00bboff\u00bb parallax=\u00bbon\u00bb custom_padding=\u00bb8vw||4vw||false|false\u00bb custom_padding_tablet=\u00bb100px||100px||true\u00bb custom_padding_phone=\u00bb||||true\u00bb top_divider_style=\u00bbramp2&#8243; top_divider_height=\u00bb250px\u00bb top_divider_flip=\u00bbvertical|horizontal\u00bb top_divider_height_tablet=\u00bb150px\u00bb top_divider_height_phone=\u00bb110px\u00bb top_divider_height_last_edited=\u00bbon|phone\u00bb global_module=\u00bb378&#8243; saved_tabs=\u00bball\u00bb global_colors_info=\u00bb{}\u00bb][et_pb_row module_class=\u00bb et_pb_row_fullwidth\u00bb _builder_version=\u00bb4.16&#8243; width=\u00bb89%\u00bb width_tablet=\u00bb80%\u00bb width_phone=\u00bb80%\u00bb width_last_edited=\u00bbon|desktop\u00bb max_width=\u00bb89%\u00bb max_width_tablet=\u00bb80%\u00bb max_width_phone=\u00bb80%\u00bb max_width_last_edited=\u00bbon|desktop\u00bb custom_margin_phone=\u00bb|||\u00bb custom_margin_last_edited=\u00bboff|desktop\u00bb custom_padding=\u00bb|||\u00bb make_fullwidth=\u00bbon\u00bb global_colors_info=\u00bb{}\u00bb][et_pb_column type=\u00bb4_4&#8243; _builder_version=\u00bb4.16&#8243; custom_padding=\u00bb|||\u00bb global_colors_info=\u00bb{}\u00bb custom_padding__hover=\u00bb|||\u00bb][et_pb_text _builder_version=\u00bb4.25.1&#8243; text_font=\u00bb||||||||\u00bb header_font=\u00bb||||||||\u00bb header_2_font=\u00bb&#8211;et_global_heading_font|700|||||||\u00bb header_2_font_size=\u00bb50px\u00bb header_2_line_height=\u00bb1.4em\u00bb header_3_font=\u00bbRoboto|700||on|||||\u00bb header_3_text_align=\u00bbcenter\u00bb header_3_text_color=\u00bb#ffffff\u00bb header_3_font_size=\u00bb24px\u00bb header_3_letter_spacing=\u00bb5px\u00bb header_3_line_height=\u00bb2em\u00bb text_orientation=\u00bbcenter\u00bb background_layout=\u00bbdark\u00bb max_width=\u00bb850px\u00bb module_alignment=\u00bbcenter\u00bb custom_margin=\u00bb|||\u00bb custom_padding=\u00bb|||\u00bb text_font_size_last_edited=\u00bboff|desktop\u00bb header_2_font_size_tablet=\u00bb40px\u00bb header_2_font_size_phone=\u00bb32px\u00bb header_2_font_size_last_edited=\u00bbon|desktop\u00bb header_3_font_size_tablet=\u00bb16px\u00bb header_3_font_size_phone=\u00bb14px\u00bb header_3_font_size_last_edited=\u00bbon|phone\u00bb global_colors_info=\u00bb{}\u00bb]<\/p>\n<h2>\u00bfQuieres conocer m\u00e1s historias de \u00e9xito?<\/h2>\n<p>[\/et_pb_text][et_pb_button button_url=\u00bb@ET-DC@eyJkeW5hbWljIjp0cnVlLCJjb250ZW50IjoicG9zdF9saW5rX3VybF9wYWdlIiwic2V0dGluZ3MiOnsicG9zdF9pZCI6IjE1NyJ9fQ==@\u00bb button_text=\u00bbAGENDAR UN LLAMADO\u00bb button_alignment=\u00bbcenter\u00bb _builder_version=\u00bb4.25.1&#8243; _dynamic_attributes=\u00bbbutton_url\u00bb custom_button=\u00bbon\u00bb button_text_size=\u00bb14px\u00bb button_text_color=\u00bb#000000&#8243; button_bg_color=\u00bb#a1c237&#8243; button_border_width=\u00bb0px\u00bb button_border_color=\u00bbrgba(0,0,0,0)\u00bb button_border_radius=\u00bb52px\u00bb button_letter_spacing=\u00bb5px\u00bb button_font=\u00bbRoboto|700||on|||||\u00bb background_layout=\u00bbdark\u00bb custom_margin=\u00bb|||\u00bb custom_padding=\u00bb18px|34px|18px|34px|true|true\u00bb box_shadow_style=\u00bbpreset3&#8243; box_shadow_vertical=\u00bb20px\u00bb box_shadow_blur=\u00bb30px\u00bb box_shadow_spread=\u00bb-10px\u00bb box_shadow_color=\u00bbrgba(247,130,142,0.4)\u00bb button_letter_spacing_hover=\u00bb5.5px\u00bb global_colors_info=\u00bb{}\u00bb button_text_size__hover_enabled=\u00bboff\u00bb button_one_text_size__hover_enabled=\u00bboff\u00bb button_two_text_size__hover_enabled=\u00bboff\u00bb button_text_color__hover_enabled=\u00bboff\u00bb button_one_text_color__hover_enabled=\u00bboff\u00bb button_two_text_color__hover_enabled=\u00bboff\u00bb button_border_width__hover_enabled=\u00bboff\u00bb button_one_border_width__hover_enabled=\u00bboff\u00bb button_two_border_width__hover_enabled=\u00bboff\u00bb button_border_color__hover_enabled=\u00bboff\u00bb button_one_border_color__hover_enabled=\u00bboff\u00bb button_two_border_color__hover_enabled=\u00bboff\u00bb button_border_radius__hover_enabled=\u00bboff\u00bb button_one_border_radius__hover_enabled=\u00bboff\u00bb button_two_border_radius__hover_enabled=\u00bboff\u00bb button_letter_spacing__hover_enabled=\u00bbon\u00bb button_letter_spacing__hover=\u00bb5.5px\u00bb button_one_letter_spacing__hover_enabled=\u00bboff\u00bb button_two_letter_spacing__hover_enabled=\u00bboff\u00bb button_bg_color__hover_enabled=\u00bboff\u00bb button_one_bg_color__hover_enabled=\u00bboff\u00bb button_two_bg_color__hover_enabled=\u00bboff\u00bb][\/et_pb_button][\/et_pb_column][\/et_pb_row][\/et_pb_section]<\/p>\n","protected":false},"excerpt":{"rendered":"<p>Portfolio de Nuestros trabajosIndustrias en las que nos especializamosIndustria: Recursos Humanos Desarrollo de aplicaciones para Empleados, RRHH y Marketing. Las funcionalidades que incluyen: App Empleados, manejo de Talentos para el \u00e1rea de selecci\u00f3n, personalizaciones para el Portal de Empleados, gesti\u00f3n de certificados m\u00e9dicos y de trabajo, consulta de recibo de sueldo, asistencia al empleado, visualizaci\u00f3n [&hellip;]<\/p>\n","protected":false},"author":2,"featured_media":0,"parent":0,"menu_order":0,"comment_status":"closed","ping_status":"closed","template":"","meta":{"_et_pb_use_builder":"on","_et_pb_old_content":"","_et_gb_content_width":"","footnotes":""},"class_list":["post-368","page","type-page","status-publish","hentry"],"_links":{"self":[{"href":"https:\/\/joinlatam.com\/web\/wp-json\/wp\/v2\/pages\/368","targetHints":{"allow":["GET"]}}],"collection":[{"href":"https:\/\/joinlatam.com\/web\/wp-json\/wp\/v2\/pages"}],"about":[{"href":"https:\/\/joinlatam.com\/web\/wp-json\/wp\/v2\/types\/page"}],"author":[{"embeddable":true,"href":"https:\/\/joinlatam.com\/web\/wp-json\/wp\/v2\/users\/2"}],"replies":[{"embeddable":true,"href":"https:\/\/joinlatam.com\/web\/wp-json\/wp\/v2\/comments?post=368"}],"version-history":[{"count":11,"href":"https:\/\/joinlatam.com\/web\/wp-json\/wp\/v2\/pages\/368\/revisions"}],"predecessor-version":[{"id":466,"href":"https:\/\/joinlatam.com\/web\/wp-json\/wp\/v2\/pages\/368\/revisions\/466"}],"wp:attachment":[{"href":"https:\/\/joinlatam.com\/web\/wp-json\/wp\/v2\/media?parent=368"}],"curies":[{"name":"wp","href":"https:\/\/api.w.org\/{rel}","templated":true}]}}